{"id":194,"date":"2020-07-07T12:39:53","date_gmt":"2020-07-07T10:39:53","guid":{"rendered":"https:\/\/vlci.wolf.sk\/sk\/?page_id=194"},"modified":"2024-11-11T13:51:10","modified_gmt":"2024-11-11T12:51:10","slug":"odborne","status":"publish","type":"page","link":"https:\/\/vlci.wolf.sk\/en\/odborne\/","title":{"rendered":"Special"},"content":{"rendered":"<p><a href=\"https:\/\/vlci.wolf.sk\/wp-content\/uploads\/2024\/11\/Conservation-Letters-2023-Kutal-Testing-a-conservation-compromise-No-evidence-that-public-wolf-hunting-in-Slovakia.pdf\" class=\"mtli_attachment mtli_pdf\" rel=\"noopener\" target=\"_blank\">Miroslav Kutal1, Martin Du\u013ea1, Alisa Royer Selivanova, Jos\u00e9 Vicente L\u00f3pez-Bao &#8211; Testing a conservation compromise: No evidence that publicwolf hunting in Slovakia reduced livestock losses<\/a><\/p>\n<p><a href=\"https:\/\/vlci.wolf.sk\/wp-content\/uploads\/2024\/11\/Biological-Reviews-2016-Hindrikson-Wolf-population-genetics-in-Europe-a-systematic-review-meta\u2010analysis-and.pdf\" class=\"mtli_attachment mtli_pdf\" rel=\"noopener\" target=\"_blank\">Maris Hindrikson1, Jaanus Remm1, et al. &#8211; Wolf population genetics in Europe: a systematic review, meta-analysis and suggestions for conservation and management<\/a><\/p>\n<p><a href=\"https:\/\/vlci.wolf.sk\/wp-content\/uploads\/2024\/11\/2021_PNAS_vlci_auta.pdf\" class=\"mtli_attachment mtli_pdf\" rel=\"noopener\" target=\"_blank\">Jennifer L. Raynora, Corbett A. Graingerb and Dominic P. Parker &#8211; Wolves make roadways safer, generating large economic returns to predator conservation<\/a><\/p>\n<p><a href=\"https:\/\/vlci.wolf.sk\/wp-content\/uploads\/2024\/11\/2020_Avila_Chappel_Treves_s41598-020-70837-x.pdf\" class=\"mtli_attachment mtli_pdf\" rel=\"noopener\" target=\"_blank\">Francisco J. Santiago\u2011\u00c1vila, Richard J. Chappell &#038; Adrian Treves &#8211; Liberalizing the killing of endangered wolves was associated with more disappearances of collared individuals in Wisconsin, USA<\/a><\/p>\n<p><a href=\"https:\/\/vlci.wolf.sk\/wp-content\/uploads\/2024\/11\/2016_chapron-et-al-blood-does-not-buy-goodwill-allowing.pdf\" class=\"mtli_attachment mtli_pdf\" rel=\"noopener\" target=\"_blank\">Guillaume Chapron1 and Adrian Treves &#8211; Blood does not buy goodwill: allowing culling increases poaching of a large carnivore<\/a><\/p>\n<p><a href=\"https:\/\/vlci.wolf.sk\/wp-content\/uploads\/2024\/09\/velikost_populace_hybridizace_vlk_Slovensko.pdf\" class=\"mtli_attachment mtli_pdf\" rel=\"noopener\" target=\"_blank\">Barbora \u010cern\u00e1 Bolf\u00edkov\u00e1, Lenka Veselovsk\u00e1, Kamila Valentov\u00e1, Nikola Tk\u00e1\u010dov\u00e1, Jana \u0160rutov\u00e1, Kl\u00e1ra Demjanovi\u010dov\u00e1, M\u00e1ria Apfelov\u00e1, Vladim\u00edr Antal, Slavom\u00edr Fin\u010fo, Pavel Hulva &#8211; Velikost populace a hybridizace vlka na Slovensku<\/a><\/p>\n<p><a href=\"https:\/\/vlci.wolf.sk\/wp-content\/uploads\/2024\/09\/velikost_populace_rys_Slovensko.pdf\" class=\"mtli_attachment mtli_pdf\" rel=\"noopener\" target=\"_blank\">Lenka Ungrov\u00e1, Jarmila Krojerov\u00e1, Barbora Gajd\u00e1rov\u00e1, Barbora \u010cern\u00e1 Bolf\u00edkov\u00e1, M\u00e1ria Apfelov\u00e1, Ji\u0159\u00ed Labuda, Martin Du\u013ea, Peter Drengubiak, Be\u0148adik Machcin\u00edk, Michal Bojda, Miroslav Kutal, Vladim\u00edr Antal, Slavom\u00edr Fin\u010fo, Pavel Hulva &#8211; Velikost populace rysa na Slovensku<\/a><\/p>\n<p><a href=\"https:\/\/vlci.wolf.sk\/wp-content\/uploads\/2020\/07\/AmbarliHuseyin_wolf_human_conflicts_201909.pdf\" class=\"mtli_attachment mtli_pdf\">Ambarli Huseyin &#8211; Analysis of wolf\u2013human conflicts: implications for damage mitigation measures<\/a><\/p>\n<p><a href=\"https:\/\/vlci.wolf.sk\/wp-content\/uploads\/2020\/07\/wolfattackfatality.pdf\" class=\"mtli_attachment mtli_pdf\">Lem Butler &#8211; Findings Related to the March 2010 Fatal Wolf Attack near Chignik Lake, Alaska<\/a><\/p>\n<p><a href=\"https:\/\/vlci.wolf.sk\/wp-content\/uploads\/2020\/07\/Wielgus-EffectsOfWolfMortalityOnLivestock.pdf\" class=\"mtli_attachment mtli_pdf\">Robert B. Wielgus &#8211; Effects of Wolf Mortality on Livestock Depredations<\/a><\/p>\n<p><a href=\"https:\/\/vlci.wolf.sk\/wp-content\/uploads\/2020\/07\/vlk-clanok-Strnadova.pdf\" class=\"mtli_attachment mtli_pdf\">Jana Strn\u00e1dov\u00e1 &#8211; Negat\u00edvne prejavy nepr\u00edtomnosti vlka drav\u00e9ho (Caxnis lupus L.) v lesnom ekosyst\u00e9me z h\u013eadiska zdravia lovenej koristi<\/a><\/p>\n<p><a href=\"https:\/\/vlci.wolf.sk\/wp-content\/uploads\/2020\/07\/TikkunenMari_KojolaIlpo_Hunting_dogs_attacked_by_wolves_201907.pdf\" class=\"mtli_attachment mtli_pdf\">Mari Tikkunen &#8211; Hunting dogs are at biggest risk to get attacked by wolves near wolves\u2019 territory boundaries<\/a><\/p>\n<p><a href=\"https:\/\/vlci.wolf.sk\/wp-content\/uploads\/2020\/07\/Thesis-Auto-referat-Nuno-Guimaraes.pdf\" class=\"mtli_attachment mtli_pdf\">Nuno Guimar\u00e3es &#8211; Ecology and conservation of the grey wolf (Canis Lupus L.) in Slovakia<\/a><\/p>\n<p><a href=\"https:\/\/vlci.wolf.sk\/wp-content\/uploads\/2020\/07\/Nowak_2006_howling_activity.pdf\" class=\"mtli_attachment mtli_pdf\">Sabina Nowak &#8211; Howling activity of free-ranging wolves<\/a><\/p>\n<p><a href=\"https:\/\/vlci.wolf.sk\/wp-content\/uploads\/2020\/07\/DD-Jedrzejewski-et-al-2004-wolf-GIS.pdf\" class=\"mtli_attachment mtli_pdf\">Wlodzimierz Jedrzejewski &#8211; Habitat variables associated with wolf ( Canis lupus ) distribution and abundance in northern Poland<\/a><\/p>\n<p><a href=\"https:\/\/vlci.wolf.sk\/wp-content\/uploads\/2020\/07\/CWC-Wolf-Communication.pdf\" class=\"mtli_attachment mtli_pdf\">CWC &#8211; Wolf Communication<\/a><\/p>\n<p><a href=\"https:\/\/vlci.wolf.sk\/wp-content\/uploads\/2020\/07\/B.Simpson-Canine_communication.pdf\" class=\"mtli_attachment mtli_pdf\">B. Simpson &#8211; Canine communication<\/a><\/p>\n<p><a href=\"https:\/\/vlci.wolf.sk\/wp-content\/uploads\/2020\/07\/AT-Nowak-et-al-2005-wolf-diet.pdf\" class=\"mtli_attachment mtli_pdf\">Sabina Nowak &#8211; Patterns of wolf Canis lupus predation on wild and domestic ungulates<\/a><\/p>\n<p><a href=\"https:\/\/vlci.wolf.sk\/wp-content\/uploads\/2020\/07\/AT-Jedrzejewski-et-al-2005-wolf-GIS.pdf\" class=\"mtli_attachment mtli_pdf\">Wlodzimierz Jedrzejewski &#8211; Habitat selection by wolves Canis lupus in the uplands and mountains of southern Poland<\/a><\/p>\n","protected":false},"excerpt":{"rendered":"<p>Miroslav Kutal1, Martin Du\u013ea1, Alisa Royer Selivanova, Jos\u00e9 Vicente L\u00f3pez-Bao &#8211; Testing a conservation compromise: No evidence that publicwolf hunting in Slovakia reduced livestock losses Maris Hindrikson1, Jaanus Remm1, et al. &#8211; Wolf population genetics in Europe: a systematic review, meta-analysis and suggestions for conservation and management Jennifer L. Raynora, Corbett A. Graingerb and Dominic [&hellip;]<\/p>\n","protected":false},"author":1,"featured_media":0,"parent":0,"menu_order":0,"comment_status":"closed","ping_status":"closed","template":"","meta":{"ngg_post_thumbnail":0,"footnotes":""},"class_list":["post-194","page","type-page","status-publish","hentry"],"_links":{"self":[{"href":"https:\/\/vlci.wolf.sk\/en\/wp-json\/wp\/v2\/pages\/194","targetHints":{"allow":["GET"]}}],"collection":[{"href":"https:\/\/vlci.wolf.sk\/en\/wp-json\/wp\/v2\/pages"}],"about":[{"href":"https:\/\/vlci.wolf.sk\/en\/wp-json\/wp\/v2\/types\/page"}],"author":[{"embeddable":true,"href":"https:\/\/vlci.wolf.sk\/en\/wp-json\/wp\/v2\/users\/1"}],"replies":[{"embeddable":true,"href":"https:\/\/vlci.wolf.sk\/en\/wp-json\/wp\/v2\/comments?post=194"}],"version-history":[{"count":2,"href":"https:\/\/vlci.wolf.sk\/en\/wp-json\/wp\/v2\/pages\/194\/revisions"}],"predecessor-version":[{"id":452,"href":"https:\/\/vlci.wolf.sk\/en\/wp-json\/wp\/v2\/pages\/194\/revisions\/452"}],"wp:attachment":[{"href":"https:\/\/vlci.wolf.sk\/en\/wp-json\/wp\/v2\/media?parent=194"}],"curies":[{"name":"wp","href":"https:\/\/api.w.org\/{rel}","templated":true}]}}