{"id":107,"date":"2019-12-20T12:47:46","date_gmt":"2019-12-20T11:47:46","guid":{"rendered":"https:\/\/vlci.wolf.sk\/sk\/?page_id=107"},"modified":"2020-07-07T08:01:05","modified_gmt":"2020-07-07T06:01:05","slug":"lov-vlkov","status":"publish","type":"page","link":"https:\/\/vlci.wolf.sk\/sk\/lov-vlkov\/","title":{"rendered":"Lov vlkov"},"content":{"rendered":"<p>Zdrojom \u00fadajov s\u00fa z\u00e1znamy o uloven\u00ed (\u00fahyne) vlkov, ktor\u00e9 n\u00e1m po skon\u010den\u00ed loveck\u00fdch sez\u00f3n zaslalo M\u017dP SR na z\u00e1klade \u017eiadost\u00ed o inform\u00e1cie.<\/p>\n<table cols=\"3\" cellspacing=\"2\" cellpadding=\"2\" width=\"100%\">\n<tr>\n<td width=\"50%\"><a href=\"https:\/\/vlci.wolf.sk\/wp-content\/uploads\/2020\/07\/2019_2020_uloveni_vlci.pdf\" class=\"mtli_attachment mtli_pdf\">Lov vlkov v sez\u00f3ne 2019-2020<\/a><\/td>\n<td width=\"10%\">&nbsp;<\/td>\n<td width=\"40%\"><a href=\"https:\/\/vlci.wolf.sk\/sk\/lov-vlkov-v-sezone-2019-2020\/\">Hl\u00e1senky<\/a><\/td>\n<\/tr>\n<tr>\n<td width=\"50%\"><a href=\"https:\/\/vlci.wolf.sk\/wp-content\/uploads\/2020\/07\/2018_2019_uloveni_vlci.pdf\" class=\"mtli_attachment mtli_pdf\">Lov vlkov v sez\u00f3ne 2018-2019<\/a><\/td>\n<td width=\"10%\">&nbsp;<\/td>\n<td width=\"40%\">&nbsp;<\/td>\n<\/tr>\n<tr>\n<td width=\"50%\"><a href=\"https:\/\/vlci.wolf.sk\/wp-content\/uploads\/2020\/07\/2017_2018_uloveni_vlci.pdf\" class=\"mtli_attachment mtli_pdf\">Lov vlkov v sez\u00f3ne 2017-2018<\/a><\/td>\n<td width=\"10%\">&nbsp;<\/td>\n<td width=\"40%\">&nbsp;<\/td>\n<\/tr>\n<tr>\n<td width=\"50%\"><a href=\"https:\/\/vlci.wolf.sk\/wp-content\/uploads\/2020\/07\/2016_2017_uloveni_vlci.pdf\" class=\"mtli_attachment mtli_pdf\">Lov vlkov v sez\u00f3ne 2016-2017<\/a><\/td>\n<td width=\"10%\">&nbsp;<\/td>\n<td width=\"40%\">&nbsp;<\/td>\n<\/tr>\n<tr>\n<td width=\"50%\"><a href=\"https:\/\/vlci.wolf.sk\/wp-content\/uploads\/2020\/07\/2015_2016_uloveni_vlci.pdf\" class=\"mtli_attachment mtli_pdf\">Lov vlkov v sez\u00f3ne 2015-2016<\/a><\/td>\n<td width=\"10%\">&nbsp;<\/td>\n<td width=\"40%\">&nbsp;<\/td>\n<\/tr>\n<tr>\n<td width=\"50%\"><a href=\"https:\/\/vlci.wolf.sk\/wp-content\/uploads\/2020\/07\/2014_2015_uloveni_vlci.pdf\" class=\"mtli_attachment mtli_pdf\">Lov vlkov v sez\u00f3ne 2014-2015<\/a><\/td>\n<td width=\"10%\">&nbsp;<\/td>\n<td width=\"40%\">&nbsp;<\/td>\n<\/tr>\n<tr>\n<td width=\"50%\"><a href=\"https:\/\/vlci.wolf.sk\/wp-content\/uploads\/2020\/07\/2013_2014_uloveni_vlci.pdf\" class=\"mtli_attachment mtli_pdf\">Lov vlkov v sez\u00f3ne 2013-2014<\/a><\/td>\n<td width=\"10%\">&nbsp;<\/td>\n<td width=\"40%\">&nbsp;<\/td>\n<\/tr>\n<tr>\n<td width=\"50%\"><a href=\"https:\/\/vlci.wolf.sk\/wp-content\/uploads\/2020\/07\/2012_2013_uloveni_vlci.pdf\" class=\"mtli_attachment mtli_pdf\">Lov vlkov v sez\u00f3ne 2012-2013<\/a><\/td>\n<td width=\"10%\">&nbsp;<\/td>\n<td width=\"40%\">&nbsp;<\/td>\n<\/tr>\n<tr>\n<td width=\"50%\"><a href=\"https:\/\/vlci.wolf.sk\/wp-content\/uploads\/2020\/07\/2011_2012_uloveni_vlci.pdf\" class=\"mtli_attachment mtli_pdf\">Lov vlkov v sez\u00f3ne 2011-2012<\/a><\/td>\n<td width=\"10%\">&nbsp;<\/td>\n<td width=\"40%\">&nbsp;<\/td>\n<\/tr>\n<tr>\n<td width=\"50%\"><a href=\"https:\/\/vlci.wolf.sk\/wp-content\/uploads\/2020\/07\/2010_2011_uloveni_vlci.pdf\" class=\"mtli_attachment mtli_pdf\">Lov vlkov v sez\u00f3ne 2010-2011<\/a><\/td>\n<td width=\"10%\">&nbsp;<\/td>\n<td width=\"40%\">&nbsp;<\/td>\n<\/tr>\n<\/table>\n<p><\/p>","protected":false},"excerpt":{"rendered":"<p>Zdrojom \u00fadajov s\u00fa z\u00e1znamy o uloven\u00ed (\u00fahyne) vlkov, ktor\u00e9 n\u00e1m po skon\u010den\u00ed loveck\u00fdch sez\u00f3n zaslalo M\u017dP SR na z\u00e1klade \u017eiadost\u00ed o inform\u00e1cie. Lov vlkov v sez\u00f3ne 2019-2020 &nbsp; Hl\u00e1senky Lov vlkov v sez\u00f3ne 2018-2019 &nbsp; &nbsp; Lov vlkov v sez\u00f3ne 2017-2018 &nbsp; &nbsp; Lov vlkov v sez\u00f3ne 2016-2017 &nbsp; &nbsp; Lov vlkov v sez\u00f3ne 2015-2016 [&hellip;]<\/p>\n","protected":false},"author":1,"featured_media":0,"parent":0,"menu_order":0,"comment_status":"closed","ping_status":"closed","template":"","meta":{"ngg_post_thumbnail":0,"footnotes":""},"class_list":["post-107","page","type-page","status-publish","hentry"],"_links":{"self":[{"href":"https:\/\/vlci.wolf.sk\/sk\/wp-json\/wp\/v2\/pages\/107","targetHints":{"allow":["GET"]}}],"collection":[{"href":"https:\/\/vlci.wolf.sk\/sk\/wp-json\/wp\/v2\/pages"}],"about":[{"href":"https:\/\/vlci.wolf.sk\/sk\/wp-json\/wp\/v2\/types\/page"}],"author":[{"embeddable":true,"href":"https:\/\/vlci.wolf.sk\/sk\/wp-json\/wp\/v2\/users\/1"}],"replies":[{"embeddable":true,"href":"https:\/\/vlci.wolf.sk\/sk\/wp-json\/wp\/v2\/comments?post=107"}],"version-history":[{"count":4,"href":"https:\/\/vlci.wolf.sk\/sk\/wp-json\/wp\/v2\/pages\/107\/revisions"}],"predecessor-version":[{"id":191,"href":"https:\/\/vlci.wolf.sk\/sk\/wp-json\/wp\/v2\/pages\/107\/revisions\/191"}],"wp:attachment":[{"href":"https:\/\/vlci.wolf.sk\/sk\/wp-json\/wp\/v2\/media?parent=107"}],"curies":[{"name":"wp","href":"https:\/\/api.w.org\/{rel}","templated":true}]}}