{"id":58,"date":"2019-10-16T13:57:49","date_gmt":"2019-10-16T11:57:49","guid":{"rendered":"https:\/\/vlci.wolf.sk\/sk\/?page_id=58"},"modified":"2025-09-19T08:08:09","modified_gmt":"2025-09-19T06:08:09","slug":"aktualne","status":"publish","type":"page","link":"https:\/\/vlci.wolf.sk\/sk\/","title":{"rendered":"Aktu\u00e1lne"},"content":{"rendered":"<p><\/p>\n<h4>Od 1. septembra 2025 sa na Slovensku m\u00f4\u017ee zastreli\u0165 74 vlkov.<\/h4>\n<p>Rozhodnutie Ministerstva p\u00f4dohospod\u00e1rstva o kv\u00f3te na sez\u00f3nu 2025\/2026 n\u00e1jdete <a href=\"https:\/\/vlci.wolf.sk\/wp-content\/uploads\/2025\/09\/Kvota-lovu-vlka-draveho-pre-polovnicku-sezonu-2025_2026.pdf\" class=\"mtli_attachment mtli_pdf\">tu<\/a>.<br \/>\nP\u00ed\u0161te n\u00e1m na help@vlkolak.sk<\/p>\n<h4>19. augusta 2025 sa konalo zasadnutie Pracovnej skupiny pre ur\u010denie kv\u00f3ty lovu vlka&nbsp;<\/h4>\n<div class=\"xdj266r x14z9mp xat24cr x1lziwak x1vvkbs x126k92a\">\n<div dir=\"auto\">VLK sa z\u00fa\u010dastnil zasadania Pracovnej skupiny pre ur\u010denie kv\u00f3ty lovu vlka na Ministerstve p\u00f4dohospod\u00e1rstva ako jej riadny \u010dlen.<\/div>\n<\/div>\n<div class=\"x14z9mp xat24cr x1lziwak x1vvkbs xtlvy1s x126k92a\">\n<div dir=\"auto\">Ke\u010f\u017ee vlk neohrozuje zdravie a \u017eivoty \u013eud\u00ed a \u0161kody na hospod\u00e1rskych zvierat\u00e1ch sa daj\u00fa eliminova\u0165 jednoduch\u00fdmi prevent\u00edvnymi opatreniami, ktor\u00e9 sme ve\u013eakr\u00e1t vysk\u00fa\u0161ali v praxi, pova\u017eujeme strie\u013eanie vlkov v s\u00fa\u010dasnej dobe za zbyto\u010dn\u00e9, kontraprodukt\u00edvne a dokonca sp\u00f4sobuj\u00face viacero environment\u00e1lnych a ekonomick\u00fdch probl\u00e9mov.<\/div>\n<\/div>\n<div class=\"x14z9mp xat24cr x1lziwak x1vvkbs xtlvy1s x126k92a\">\n<div dir=\"auto\">Preto sme na zasadan\u00ed \u017eiadali nulov\u00fa kv\u00f3tu lovu vlka v najbli\u017e\u0161ej po\u013eovnej sez\u00f3ne.<\/div>\n<div dir=\"auto\">Ke\u010f\u017ee argumenty, potvrdzuj\u00face fakt, \u017ee strie\u013eanie vlkov na Slovensku je zbyto\u010dn\u00e9 a bezd\u00f4vodn\u00e9, opakujeme viac ako tridsa\u0165 rokov, na tomto zasadan\u00ed pracovnej skupiny sme sa zamerali na nedodr\u017eanie Programu starostlivosti o vlka pri ur\u010dovan\u00ed kv\u00f3ty<\/div>\n<\/div>\n<div class=\"x14z9mp xat24cr x1lziwak x1vvkbs xtlvy1s x126k92a\">\n<div dir=\"auto\"><strong>Na\u0161e n\u00e1mietky boli akceptovan\u00e9 a rozhodnutie pracovnej skupiny odlo\u017een\u00e9 do vyrie\u0161enia kritizovan\u00fdch nezrovnalost\u00ed.<\/strong><\/div>\n<\/div>\n<div class=\"x14z9mp xat24cr x1lziwak x1vvkbs xtlvy1s x126k92a\">\n<div dir=\"auto\">Z\u00edskali sme \u010das a \u010fakujeme v\u0161etk\u00fdm, ktor\u00ed n\u00e1s v tomto boji podporuj\u00fa a pom\u00e1haj\u00fa so zberom podpisov pod pet\u00edciu po\u017eaduj\u00facu celoro\u010dn\u00fa ochranu vlka.<\/div>\n<div dir=\"auto\">&nbsp;<\/div>\n<\/div>\n<h4>Obnovujeme&nbsp; celoro\u010dn\u00fa ochranu vlkov: <strong><a href=\"https:\/\/www.wolf.sk\/files\/vlci\/peticia_za_celorocnu-ochranu_vlka_2025.pdf\" class=\"mtli_attachment mtli_pdf\">Pet\u00edcia za celoro\u010dn\u00fa ochranu vlka<\/a>.<\/strong><\/h4>\n<h4>Vlci znova v ohrozen\u00ed!<\/h4>\n<p>V sez\u00f3ne 2024\/2025, t. j. od 1. do 15. janu\u00e1ra 2025, bolo uloven\u00fdch 23 vlkov. <a href=\"https:\/\/mapa-zastrelenych-vlkov.netlify.app\">Tu <\/a>n\u00e1jdete zoomovate\u013en\u00fa mapu lokal\u00edt jednotliv\u00fdch odstrelov a tie\u017e n\u00e1jden\u00fdch \u00fahynov.<br \/>\nAk n\u00e1m chcete pom\u00f4c\u0165, nap\u00ed\u0161te email na help@vlkolak.sk. \u010eakujeme<br \/>\n&#8212;<\/p>\n<p>I tento rok sa zi\u0161la <a href=\"https:\/\/vlci.wolf.sk\/wp-content\/uploads\/2024\/11\/pozvanka-komisia-vlk-2024_2025.pdf\" class=\"mtli_attachment mtli_pdf\">Pracovn\u00e1 skupina pre ur\u010denie kv\u00f3ty<\/a> a stanovila <a href=\"https:\/\/vlci.wolf.sk\/wp-content\/uploads\/2024\/11\/kvota-lovu-vlka-draveho-2024_2025.pdf\" class=\"mtli_attachment mtli_pdf\" target=\"_blank\" rel=\"noopener\">kv\u00f3tu lovu vlka drav\u00e9ho<\/a> na 74 ks. Vlk bol do 1. 1. 2025 chr\u00e1nen\u00fd vyhl\u00e1\u0161kou, no ministerstvo \u017dP ju na konci roku 2024 zmenilo napriek na\u0161\u00edm hromadn\u00fdm pripomienkam.<\/p>\n<p>Zoomovate\u013en\u00fa <a href=\"https:\/\/vlci.wolf.sk\/wp-content\/uploads\/2025\/01\/zakaz_lovu_vlka_2024-2025_NLC.pdf\" class=\"mtli_attachment mtli_pdf\">mapu<\/a> \u00fazem\u00ed, kde sa vlci strie\u013eaj\u00fa v sez\u00f3ne 2024\/2025, n\u00e1jdete na <a href=\"https:\/\/gis.nlcsk.org\/islhp\/mapa\">https:\/\/gis.nlcsk.org\/islhp\/mapa<\/a><\/p>\n<p>Treba klikn\u00fa\u0165 na polo\u017eku &#8222;vrstvy&#8220; a potom v\u013eavo povoli\u0165 zobrazenie &#8222;z\u00e1kaz lovu vlka&#8220;, zn\u00e1zornen\u00e9 ni\u017e\u0161ie.<br \/>\n<img decoding=\"async\" src=\"https:\/\/vlci.wolf.sk\/wp-content\/uploads\/2025\/01\/islhp-gis-nlc-odstrel-vlkov-mapa-2024-2025-1.jpg\"><\/p>\n<p><img decoding=\"async\" src=\"https:\/\/vlci.wolf.sk\/wp-content\/uploads\/2025\/01\/islhp-gis-nlc-odstrel-vlkov-mapa-2024-2025-2.jpg\"><\/p>\n<p>Urob\u00edme v\u0161etko preto, aby ochrana vlka znova za\u010dala. Sledujte n\u00e1s a budeme V\u00e1s informova\u0165 o \u010fal\u0161om postupe, ke\u010f bude jasn\u00fd cel\u00fd legislat\u00edvny proces.<\/p>\n<hr>\n<h4>Vy\u017eiadan\u00e9 \u0161t\u00fadie s anal\u00fdzami DNA<\/h4>\n<p><a href=\"https:\/\/vlci.wolf.sk\/wp-content\/uploads\/2024\/09\/SOPSR-ZOI-141-004-2024.pdf\" class=\"mtli_attachment mtli_pdf\">\u017diados\u0165 o inform\u00e1cie zo \u0160OP SR oh\u013eadom \u0161t\u00fadi\u00ed analyzuj\u00facich popul\u00e1cie vlka drav\u00e9ho a rysa ostrovida<\/a><\/p>\n<p><a href=\"https:\/\/vlci.wolf.sk\/wp-content\/uploads\/2024\/09\/velikost_populace_hybridizace_vlk_Slovensko.pdf\" class=\"mtli_attachment mtli_pdf\">\u0160t\u00fadia &#8211; velikost populace a hybridizace vlka na Slovensku<\/a><\/p>\n<p><a href=\"https:\/\/vlci.wolf.sk\/wp-content\/uploads\/2024\/09\/velikost_populace_rys_Slovensko.pdf\" class=\"mtli_attachment mtli_pdf\">\u0160t\u00fadia &#8211; velikost populace rysa na Slovensku<\/a><\/p>\n<hr>\n<h4>Vlci znova v ohrozen\u00ed!<\/h4>\n<p>V s\u00fa\u010dasnej dobe sa pripravuj\u00fa legislat\u00edvne zmeny, ktor\u00e9 maj\u00fa umo\u017eni\u0165 leg\u00e1lny lov vlka tak, ako to bolo v minulosti. Ver\u00edme, \u017ee aj tejto zmene sa n\u00e1m podar\u00ed s va\u0161ou pomocou zabr\u00e1ni\u0165. Prv\u00fdm \u00faspe\u0161n\u00fdm krokom bola \u017ealoba, o ktorej Najvy\u0161\u0161\u00ed spr\u00e1vny s\u00fad rozhodol, \u017ee posledn\u00e1 kv\u00f3ta vlkov, ur\u010den\u00fdch na odstrel, je protipr\u00e1vna.<\/p>\n<p><a href=\"https:\/\/vlci.wolf.sk\/wp-content\/uploads\/2024\/08\/NSS_SR_o_vlkoch_20240530.pdf\" class=\"mtli_attachment mtli_pdf\" target=\"_blank\" rel=\"noopener\">Uznesenie NSS SR z 30.5.2024<\/a><\/p>\n<hr>\n<p>Nov\u00e1 vl\u00e1da, na \u010dele s ministrom p\u00f4dohospod\u00e1rstva a ministrom \u017eivotn\u00e9ho prostredia sa rozhodla, \u017ee obnov\u00ed strie\u013eanie vlkov a zru\u0161\u00ed jeho celoro\u010dn\u00fa ochranu.<\/p>\n<p>Zatia\u013e vydali kv\u00f3tu lovu vlkov na najbli\u017e\u0161iu sez\u00f3nu. Pre\u010d\u00edta\u0165 si ju <a href=\"https:\/\/vlci.wolf.sk\/wp-content\/uploads\/2023\/11\/Kvota-lovu-vlka-draveho-2023-2024-_MPRV-SR.pdf\" class=\"mtli_attachment mtli_pdf\" target=\"_blank\" rel=\"noopener\">m\u00f4\u017eete TU<\/a>.<\/p>\n<p>Druh\u00fdm krokom za\u010dali zmenu vyhl\u00e1\u0161ky o celoro\u010dnej ochrane vlka. T\u00e1to zmena mus\u00ed prejs\u0165 legislat\u00edvnym procesom a tam to vieme ovplyvni\u0165.<\/p>\n<p>Tu m\u00e1te <a href=\"https:\/\/www.wolf.sk\/files\/vlci\/Priloha1_vlk_2023.pdf\" class=\"mtli_attachment mtli_pdf\" target=\"_blank\" rel=\"noopener\">z\u00e1kladn\u00fa inform\u00e1ciu o legislat\u00edvnom postupe<\/a>, ktor\u00fd n\u00e1s \u010dak\u00e1. Toto nie je t\u00fd\u017ed\u0148ov\u00fd boj, z\u00e1chrana vlka trochu potrv\u00e1.<br \/>\nM\u017dP vydalo predbe\u017en\u00fa inform\u00e1ciu a k nej sme sp\u00edsali <a href=\"https:\/\/www.wolf.sk\/files\/vlci\/Priloha2_2023_novela_vyhlasky_170_2021_VLK.docx\" target=\"_blank\" rel=\"noopener\">na\u0161u pripomienku<\/a>. Toto e\u0161te nie je hromadn\u00e1 pripomienka, ktor\u00e1 pr\u00edde nesk\u00f4r a ktor\u00e1 sa podpisuje na internete.<\/p>\n<p>Postup:<\/p>\n<ol>\n<li>Stiahnite si <a href=\"https:\/\/www.wolf.sk\/files\/vlci\/Priloha2_2023_novela_vyhlasky_170_2021_VLK.docx\" target=\"_blank\" rel=\"noopener\">na\u0161u pripomienku<\/a><\/li>\n<li>Upravte si ju, vytvorte vari\u00e1cie na ten text, uberte \u010do uzn\u00e1te za vhodn\u00e9, pridajte vlastn\u00e9 n\u00e1zory.<\/li>\n<li>Za\u0161lite upraven\u00fa pripomienku p\u00edsomne po\u0161tou. Tentoraz ide hlavne o r\u00fdchlos\u0165, je ju potrebn\u00e9 odosla\u0165 na adresu M\u017dP najnesk\u00f4r do \u0161tvrtku 30.11.2023.<\/li>\n<\/ol>\n<p>Adresa:<br \/>\nMinisterstvo \u017eivotn\u00e9ho prostredia SR<br \/>\nOdbor legislat\u00edvy<br \/>\nN\u00e1m. \u013d. \u0160t\u00fara 1<br \/>\n812 35 Bratislava<\/p>\n<p>Na\u0161e stanovisko je trochu odborn\u00fd text a prip\u00e1jame ho pre va\u0161u in\u0161pir\u00e1ciu. Hlavne po\u0161lite svoj list, najlep\u0161ie prvou triedou a doporu\u010dene so svoj\u00edm menom a adresou, aby ste boli registrovan\u00ed ako t\u00ed, \u010do ofici\u00e1lne pripomienkuj\u00fa tento z\u00e1mer. Je to podstatne \u00fa\u010dinnej\u0161ie ako mno\u017estvo podpisov pod n\u00e1\u0161 text.<\/p>\n<p>Ak chcete v bud\u00facnosti pom\u00f4c\u0165, registrujte sa na <a href=\"mailto:help@vlkolak.sk\" target=\"_blank\" rel=\"noopener\">help@vlkolak.sk<\/a><\/p>\n<hr>\n<p>Vlci ned\u00e1vno v m\u00e9di\u00e1ch:<br \/>\n<a href=\"https:\/\/euractiv.sk\/section\/ekonomika-a-euro\/news\/pat-dovodov-preco-nelovit-agrorezort-vysvetlil-preco-odporucil-kvoty-na-60-vlkov\/\" target=\"_blank\" rel=\"noopener\">https:\/\/euractiv.sk\/section\/ekonomika-a-euro\/news\/pat-dovodov-preco-nelovit-agrorezort-vysvetlil-preco-odporucil-kvoty-na-60-vlkov\/<\/a><br \/>\n<a href=\"https:\/\/hornyzemplin.korzar.sme.sk\/c\/23242225\/ochranar-lukac-polovnickej-loby-sa-dari-robit-z-lovu-seliem-politicku-temu.html\" target=\"_blank\" rel=\"noopener\">https:\/\/hornyzemplin.korzar.sme.sk\/c\/23242225\/ochranar-lukac-polovnickej-loby-sa-dari-robit-z-lovu-seliem-politicku-temu.html<\/a><br \/>\n<a href=\"https:\/\/dennikn.sk\/minuta\/3670437\/\" target=\"_blank\" rel=\"noopener\">Kv\u00f3ty na odstrel vlka neprines\u00fa zn\u00ed\u017eenie \u0161k\u00f4d<\/a><br \/>\n<a href=\"https:\/\/dennikn.sk\/minuta\/3669189\/\" target=\"_blank\" rel=\"noopener\">EK prehodnocuje ochranu vlkov<\/a><br \/>\n<a href=\"https:\/\/svet.sme.sk\/c\/23206095\/narast-vlkov-v-nemecku-sposobuje-emocionalnu-diskusiu-medzi-aktivistami-a-polovnikmi-su-rozbroje.html\" target=\"_blank\" rel=\"noopener\">https:\/\/svet.sme.sk\/c\/23206095\/narast-vlkov-v-nemecku-sposobuje-emocionalnu-diskusiu-medzi-aktivistami-a-polovnikmi-su-rozbroje.html<\/a><\/p>\n<hr>\n<h4>Vyhl\u00e1\u0161ka k celoro\u010dnej ochrane vlka nadobudla pr\u00e1vnu \u00fa\u010dinnos\u0165<\/h4>\n<p>1. j\u00fan 2021<\/p>\n<p><a href=\"https:\/\/www.slov-lex.sk\/pravne-predpisy\/SK\/ZZ\/2021\/170\/20210601\" target=\"_blank\" rel=\"noopener\">https:\/\/www.slov-lex.sk\/pravne-predpisy\/SK\/ZZ\/2021\/170\/20210601<\/a><\/p>\n<hr>\n<h4>Drah\u00ed priatelia vlkov,<\/h4>\n<p>dnes, 6. m\u00e1ja 2021, bola zverejnen\u00e1 vyhl\u00e1\u0161ka ministerstva \u017eivotn\u00e9ho prostredia, ktor\u00e1 uz\u00e1ko\u0148uje celoro\u010dn\u00fa ochranu vlka.<br \/>\nChcel by som v\u00e1m preto po\u010fakova\u0165 za podporu v tridsa\u0165ro\u010dnom boji za jeho z\u00e1chranu.<br \/>\nBol to dlh\u00fd boj, ktor\u00e9ho konca sa niektor\u00ed ani nedo\u017eili. Desa\u0165 rokov napr\u00e1vania zl\u00e9ho obrazu vlka v na\u0161ej spolo\u010dnosti, desa\u0165 rokov boja za zmenu slovenskej legislat\u00edvy a desa\u0165 rokov tlaku na Eur\u00f3psku \u00faniu, aby pomohla zastavi\u0165 zhor\u0161ovanie stavu vlkov na Slovensku.<br \/>\nSkon\u010dili \u010dasy, ke\u010f sa na Slovensku strie\u013eali stovky vlkov cel\u00fd rok a v\u0161ade, kde sa uk\u00e1zali. Skon\u010dili \u010dasy, ke\u010f sa vlci leg\u00e1lne tr\u00e1vili a chytali do \u017eeliez.<br \/>\nTie \u010dasy sa skon\u010dili ani nie tak kv\u00f4li predkladan\u00fdm vedeck\u00fdm \u0161t\u00fadi\u00e1m alebo kv\u00f4li em\u00f3ci\u00e1m, ktor\u00e9 zastrelenie ka\u017ed\u00e9ho vlka vyvol\u00e1valo v spolo\u010dnosti. Hlavn\u00fdm zdrojom v\u00ed\u0165azstva bola vytrvalos\u0165 a dr\u017eanie sa hesla \u201e\u0147edac \u0161e a vitrimac!\u201c.<br \/>\nNech je to in\u0161pir\u00e1ciou a pou\u010den\u00edm pre ka\u017ed\u00fa snahu ochr\u00e1ni\u0165 prirodzen\u00e9 lesy Slovenska.<br \/>\nTe\u0161\u00edm sa na \u010fal\u0161ie stretnutia s vami v prirodzen\u00fdch lesoch hocikde na svete.<br \/>\nNezabudnite! Ak pr\u0161\u00ed, hrm\u00ed a bl\u00fdska sa, ur\u010dite pr\u00edde o chv\u00ed\u013eu kr\u00e1sne slne\u010dn\u00e9 po\u010dasie s modrou oblohou.<\/p>\n<p>Juraj Luk\u00e1\u010d<br \/>\nLesoochran\u00e1rske zoskupenie VLK<\/p>\n<hr>\n<h4>Celoro\u010dn\u00e1 ochrana vlka je skuto\u010dnos\u0165ou<\/h4>\n<p>Dnes, na De\u0148 Zeme 2021, sa uzavrela ve\u013ek\u00e1 kapitola boja Lesoochran\u00e1rskeho zoskupenia VLK za celoro\u010dn\u00fa ochranu vlka na Slovensku. Minister \u017eivotn\u00e9ho prostredia J\u00e1n Budaj podp\u00edsal vyhl\u00e1\u0161ku pre celoro\u010dn\u00fa ochranu vlkov.<\/p>\n<p><a href=\"https:\/\/vlci.wolf.sk\/wp-content\/uploads\/2021\/04\/Celorocna-ochrana-vlka_2021.pdf\" class=\"mtli_attachment mtli_pdf\">Tla\u010dov\u00e1 spr\u00e1va<\/a><\/p>\n<p>Vyhl\u00e1\u0161ka d\u0148a 6.5.2021 nadobudla pr\u00e1vnu \u00fa\u010dinnos\u0165 <a href=\"https:\/\/www.slov-lex.sk\/pravne-predpisy\/SK\/ZZ\/2021\/170\/vyhlasene_znenie.html\" target=\"_blank\" rel=\"noopener\">zverejnen\u00edm v Zbierke z\u00e1konov<\/a>.<\/p>\n<p>Pr\u00edloha \u010d. 39<br \/>\nk vyhl\u00e1\u0161ke \u010d. 170\/2021 Z. z.<br \/>\nZOZNAM \u017dIVO\u010c\u00cdCHOV, PRI KTOR\u00ddCH \u0160T\u00c1T ZODPOVED\u00c1 ZA \u0160KODU<\/p>\n<p>Vedeck\u00e9 meno Slovensk\u00e9 meno<br \/>\n&#8230;<br \/>\nCanis lupus vlk drav\u00fd<br \/>\n&#8230;<br \/>\n<a href=\"https:\/\/www.slov-lex.sk\/pravne-predpisy\/prilohy\/SK\/ZZ\/2021\/170\/vyhlasene_znenie_5311307-2.pdf\" class=\"mtli_attachment mtli_pdf\" target=\"_blank\" rel=\"noopener\">Pr\u00edloha \u010d. 5<\/a><br \/>\nk vyhl\u00e1\u0161ke \u010d. 170\/2021 Z. z.<\/p>\n<p>Carnivora \u2013 \u0161elmy<br \/>\nCHU *, Canis lupus, vlk drav\u00fd, spolo\u010densk\u00e1 hodnota je 3000 EUR<\/p>\n<hr>\n<p><a href=\"https:\/\/vlci.wolf.sk\/wp-content\/uploads\/2021\/02\/vlk-mapa-vlci-2020-2021-scaled.jpg\"><img loading=\"lazy\" decoding=\"async\" src=\"https:\/\/vlci.wolf.sk\/wp-content\/uploads\/2021\/02\/vlk-mapa-vlci-2020-2021-scaled.jpg\" alt=\"kone\u010dn\u00e1 mapa za sez\u00f3nu 2020\/2021\" width=\"512\" height=\"240\"><\/a><\/p>\n<hr>\n<p>Odpove\u010f Eur\u00f3pskej komisie na na\u0161e listy:<\/p>\n<p><a href=\"https:\/\/vlci.wolf.sk\/wp-content\/uploads\/2020\/12\/sn-7530739-NN-Wolf-petition_cover-letter.pdf\" class=\"mtli_attachment mtli_pdf\">Cover letter<\/a><br \/>\n<a href=\"https:\/\/vlci.wolf.sk\/wp-content\/uploads\/2020\/12\/Ares20205994777-draft-reply.pdf\" class=\"mtli_attachment mtli_pdf\">Odpove\u010f &#8211; anglicky<\/a><br \/>\n<a href=\"https:\/\/vlci.wolf.sk\/wp-content\/uploads\/2020\/12\/sn-7530739-wolf-petition-reply-SK.pdf\" class=\"mtli_attachment mtli_pdf\">Odpove\u010f &#8211; slovensky<\/a><\/p>\n<hr>\n<p>Podpori\u0165 n\u00e1s na Eur\u00f3pskej \u00farovni u\u017e m\u00f4\u017eu aj Poliaci v\u010faka aktivite organiz\u00e1cie Pracownia na rzecz Wszystkich Istot:<br \/>\n<a href=\"https:\/\/petycja.pracownia.org.pl\/akcja\/zatrzymaj-odstrzal-wilkow-w-slowacji\" target=\"_blank\" rel=\"noopener noreferrer\">https:\/\/petycja.pracownia.org.pl\/akcja\/zatrzymaj-odstrzal-wilkow-w-slowacji<\/a><\/p>\n<p>A v re\u0161pektovanom odbornom \u010dasopise Science vy\u0161iel \u010dl\u00e1nok k strie\u013eaniu vlkov na Slovensku. Kritizuj\u00fa v \u0148om ch\u00fdbaj\u00face \u00fadaje o popul\u00e1cii, hrozby pre chov hospod\u00e1rskych zvierat i dopad na potravinov\u00fa bezpe\u010dnos\u0165 SR, ktor\u00e9 sme namietali aj my pri schva\u013eovan\u00ed kv\u00f3ty na tohoro\u010dn\u00fa sez\u00f3nu.<\/p>\n<p><a href=\"https:\/\/vlci.wolf.sk\/wp-content\/uploads\/2020\/12\/Science_1174.1.full_.pdf\" class=\"mtli_attachment mtli_pdf\">Science_1174.1.full<\/a><br \/>\n<a href=\"https:\/\/vlci.wolf.sk\/wp-content\/uploads\/2020\/12\/Science_1174.1.full_SK.pdf\" class=\"mtli_attachment mtli_pdf\">Science_1174.1.full (slovensk\u00fd preklad)<\/a><\/p>\n<hr>\n<p>Tento rok ods\u00fadili na smr\u0165, bez akejko\u013evek argumenta\u010dnej odbornej podpory, 50 vlkov. Ostali nevypo\u010dut\u00e9 na\u0161e argumenty, \u017ee \u0161kod\u00e1m na hospod\u00e1rskych zvierat\u00e1ch (desiatky tis\u00edc \u20ac ro\u010dne) sa d\u00e1 jednoducho zabr\u00e1ni\u0165 prevent\u00edvnymi opatreniami (predov\u0161etk\u00fdm str\u00e1\u017enymi psami), \u017ee vlk pom\u00e1ha eliminova\u0165 klasick\u00fd i africk\u00fd mor o\u0161\u00edpan\u00fdch, \u017ee vlk pom\u00e1ha zni\u017eova\u0165 stavy premno\u017eenej raticovej zveri, ktor\u00e1 sp\u00f4sobuje mimoriadne \u0161kody (mili\u00f3ny \u20ac ro\u010dne) na po\u013enohospod\u00e1rskych aj lesn\u00fdch kult\u00farach.<\/p>\n<p>Zastavme tento zbyto\u010dn\u00fd masaker vlkov.<\/p>\n<p>M\u00f4\u017eeme to dosiahnu\u0165 jednoducho. Celoro\u010dnou ochranou vlka, ktor\u00fa dosiahneme jeho zaraden\u00edm medzi chr\u00e1nen\u00e9 \u017eivo\u010d\u00edchy v pripravovanej vyhl\u00e1\u0161ke ministerstva \u017eivotn\u00e9ho prostredia.<\/p>\n<p>Podporte t\u00fato snahu svojim podpisom pod na\u0161u hromadn\u00fa pripomienku tu:<br \/>\n<a href=\"http:\/\/www.ekoforum.sk\/peticia\/ochrana-vlka\" target=\"_blank\" rel=\"noopener noreferrer\">http:\/\/www.ekoforum.sk\/peticia\/ochrana-vlka<\/a><\/p>\n<hr>\n<p>Ak chcete pom\u00f4c\u0165 zastavi\u0165 pl\u00e1novan\u00fd lov p\u00e4\u0165desiatich vlkov, po\u0161lite listy a emaily na Eur\u00f3psku komisiu a ministrovi p\u00f4dohospod\u00e1rstva.<\/p>\n<p>In\u0161pirova\u0165 sa m\u00f4\u017eete tu:<\/p>\n<p><a href=\"https:\/\/vlci.wolf.sk\/wp-content\/uploads\/2020\/10\/Staznost-Europska-komisia-26.-10.-2020_JL.docx\">S\u00fakromn\u00fd list Juraja Luk\u00e1\u010da Eur\u00f3pskej komisii<\/a> (p\u00edsomn\u00e1 adresa je v liste, email: <a href=\"mailto:cab-sinkevicius-contact@ec.europa.eu\" target=\"_blank\" rel=\"noopener noreferrer\">cab-sinkevicius-contact@ec.europa.eu<\/a>)<\/p>\n<p><a href=\"https:\/\/www.wolf.sk\/files\/dokumenty\/vlci\/list_europskej-komisii_vlci_PRIKLAD.docx\">Univerz\u00e1lny list Eur\u00f3pskej komisii v sloven\u010dine<\/a>, len dopl\u0148te svoje meno, adresu, podpis a pr\u00edpadne obme\u0148te svoje argumenty (k\u013eudne posielajte, v EK vedia spracova\u0165 listy v jazykoch ka\u017edej \u010dlenskej krajiny)<\/p>\n<p><a href=\"https:\/\/www.wolf.sk\/files\/dokumenty\/vlci\/list_europskej-komisii_vlci_en.docx\">Univerz\u00e1lny list Eur\u00f3pskej komisii v angli\u010dtine<\/a>, len dopl\u0148te svoje meno, adresu, podpis a pr\u00edpadne obme\u0148te svoje argumenty<\/p>\n<p><a href=\"https:\/\/vlci.wolf.sk\/wp-content\/uploads\/2020\/10\/Minister-Europska-komisia-26.-10.-2020.docx\">List ministrovi p\u00f4dohospod\u00e1rstva<\/a> (p\u00edsomn\u00e1 adresa je v liste, email: <a href=\"mailto:jan.micovsky@land.gov.sk\" target=\"_blank\" rel=\"noopener noreferrer\">jan.micovsky@land.gov.sk<\/a> )<\/p>\n<h3>\u010eakujeme za v\u0161etk\u00fdch zachr\u00e1nen\u00fdch vlkov<\/h3>\n<hr>\n<p>D\u0148a 23. okt\u00f3bra 2020 schv\u00e1lilo ministerstvo p\u00f4dohospod\u00e1rstva lov vlka v po\u013eovnej sez\u00f3ne 2020\/2021 v po\u010dte 50 jedincov.<\/p>\n<p>Lesoochran\u00e1rske zoskupenie VLK podalo okam\u017eite s\u0165a\u017enos\u0165 Eur\u00f3pskej komisii, kde \u017eiada obnovenie konania vo\u010di Slovensku pre poru\u0161enie eur\u00f3pskej a slovenskej legislat\u00edvy.<\/p>\n<p><a href=\"https:\/\/vlci.wolf.sk\/wp-content\/uploads\/2020\/10\/Staznost-Europska-komisia-21.-10.-2020.pdf\" class=\"mtli_attachment mtli_pdf\">S\u0165a\u017enos\u0165 LZ VLK<\/a>.<\/p>\n<hr>\n<p>Lesoochran\u00e1rske zoskupenie VLK presadzuje v komisii zriadenej ministerstvom p\u00f4dohospod\u00e1rstva v po\u013eovn\u00edckej sez\u00f3ne 2020\/2021, nulov\u00fa kv\u00f3tu pre lov vlka. M\u00e1me na to mand\u00e1t od viac ako 50 000 ob\u010danov Slovenska, ktor\u00ed podp\u00edsali v\u00fdzvu s touto po\u017eiadavkou.<\/p>\n<p>Je to z t\u00fdchto d\u00f4vodov:<\/p>\n<ol>\n<li>Vlk m\u00e1 v\u00fdznamn\u00fa funkciu pri zni\u017eovan\u00ed \u0161k\u00f4d na po\u013enohopod\u00e1rskych a lesn\u00fdch kult\u00farach, sp\u00f4sobovan\u00fdch premno\u017eenou raticovou zverou<\/li>\n<li>Strie\u013eanie vlkov nezni\u017euje straty na hospod\u00e1rskych zvierat\u00e1ch, pr\u00e1ve naopak. D\u00e1ta z posledn\u00fdch rokov dokazuj\u00fa , \u017ee najv\u00e4\u010d\u0161ie \u0161kody sp\u00e1chan\u00e9 vlkmi na chovoch oviec a in\u00fdch zvierat, nasledovali po rokoch, ke\u010f bol po\u010det uloven\u00fdch vlkov najv\u00e4\u010d\u0161\u00ed.<\/li>\n<li>\u0160kody sp\u00f4soben\u00e9 jele\u0148mi a diviakmi na po\u013enohospod\u00e1rskych a lesn\u00fdch kult\u00farach s\u00fa dvadsa\u0165kr\u00e1t v\u00e4\u010d\u0161ie ako \u0161kody , ktor\u00e9 sp\u00f4sobuje vlk na chovoch oviec a in\u00fdch hospod\u00e1rskych zvierat.<\/li>\n<li>Vlci africk\u00fd mor o\u0161\u00edpan\u00fdch ne\u0161\u00edria. Vlci naopak napom\u00e1haj\u00fa zamedzovania \u0161\u00edreniu AMO, ako to dokazuj\u00fa vedeck\u00e9 \u0161t\u00fadie.<\/li>\n<li>Po\u017eiadavka Eur\u00f3pskej komisie pri infrid\u017emente vo\u010di Slovensku v pr\u00edpade strie\u013eania vlka bola jednozna\u010dn\u00e1. Vyberanie jedincov z popul\u00e1cie (ofici\u00e1lny term\u00edn strie\u013eania vlkov) je mo\u017en\u00e9 len pri realiz\u00e1cii RELEVANTN\u00c9HO monitoringu z cel\u00e9ho \u00fazemia Slovenska. Tak\u00fdto monitoring komisii predlo\u017een\u00fd NEBOL a ani tohto roku ur\u010dite nebude.<\/li>\n<\/ol>\n<p>Z t\u00fdchto d\u00f4vodov, ak komisia, napriek argumentom Lesoochran\u00e1rskeho zoskupenia VLK, ur\u010d\u00ed in\u00fa ako nulov\u00fa kv\u00f3tu na odstrel vlka, pod\u00e1 VLK s\u0165a\u017enos\u0165 Eur\u00f3pskej komisii s t\u00fdm, aby EK za\u010dala konanie proti Slovensku.<\/p>\n<hr>\n<p>Celoro\u010dn\u00e1 ochrana vlka je logick\u00fdm vy\u00fasten\u00edm tridsa\u0165ro\u010dnej snahy o z\u00e1chranu<br \/>\ntohto \u017eivo\u010d\u00edcha na Slovensku. Lesoochran\u00e1rske zoskupenie VLK dosiahlo<br \/>\nza\u010datie konania Eur\u00f3pskej komisie proti Slovensku pre nedostato\u010dn\u00fa ochranu<br \/>\nvlka, po \u010dom nasledovali postupn\u00e9 zmeny v prospech ochrany tejto \u0161elmy, od<br \/>\nzmen\u0161ovania plochy, kde sa m\u00f4\u017ee lovi\u0165 a\u017e po obmedzenie \u010dasu lovu a po\u010dtu<br \/>\nzastrelen\u00fdch vlkov. LZ VLK tento rok po\u017eiadal v pripomienkovom konan\u00ed o<br \/>\nzmenu po\u013eovn\u00e9ho z\u00e1kona a pr\u00edslu\u0161n\u00fdch dvoch vyhl\u00e1\u0161ok, pri\u010dom do schv\u00e1lenia<br \/>\nt\u00fdchto legislat\u00edvnych zmien je nutn\u00e9 ur\u010denie nulovej kv\u00f3ty pre lov vlka. Vlk<br \/>\nteda kone\u010dne dostane to, \u010do si \u017eel\u00e1 v\u00fdrazn\u00e1 \u010das\u0165 ob\u010danov Slovenska. Pr\u00e1vo na<br \/>\nspokojn\u00fd a vo\u013en\u00fd \u017eivot.<\/p>\n<p>1. Lesoochran\u00e1rske zoskupenie VLK sa stretne s ministrom \u017eivotn\u00e9ho<br \/>\nprostredia a ministrom p\u00f4dohospod\u00e1rstva a predlo\u017e\u00ed n\u00e1vrhy znenia pr\u00edslu\u0161n\u00fdch<br \/>\nlegislat\u00edvnych zmien<\/p>\n<p>2. Lesoochran\u00e1rske zoskupenie VLK bude do doby prijatia t\u00fdchto zmien<br \/>\npo\u017eadova\u0165 ako \u010dlen kv\u00f3tovacej komisie stanovenie ro\u010dnej kv\u00f3ty odstrelu vlka<br \/>\nNULA.<\/p>\n<p><a href=\"https:\/\/vlci.wolf.sk\/wp-content\/uploads\/2020\/09\/vyzva_celorocna_ochrana_vlka_07092020.pdf\" class=\"mtli_attachment mtli_pdf\">Otvoren\u00e1 v\u00fdzva na zastavenie lovu vlka na Slovensku<\/a><\/p>\n<hr>\n<p>Tak, ako po minul\u00e9 roky sme \u00fa\u010dastn\u00edkmi komisie pre ve\u013ek\u00e9 \u0161elmy, kde presadzujeme pr\u00edsnu ochranu \u0161eliem. 18. 6. 2020 sme v r\u00e1mci pr\u00edpravy nov\u00e9ho po\u013eovn\u00e9ho z\u00e1kona po\u017eiadali MPaRVSR o zavedenie celoro\u010dnej ochrany.<\/p>\n<p><a href=\"https:\/\/vlci.wolf.sk\/wp-content\/uploads\/2020\/07\/Polovny_zakon_202006_stanovisko_VLKa.pdf\" class=\"mtli_attachment mtli_pdf\">Stanovisko VLKa k po\u013eovn\u00e9mu z\u00e1konu 2020\/06<\/a><\/p>","protected":false},"excerpt":{"rendered":"<p>Od 1. septembra 2025 sa na Slovensku m\u00f4\u017ee zastreli\u0165 74 vlkov. Rozhodnutie Ministerstva p\u00f4dohospod\u00e1rstva o kv\u00f3te na sez\u00f3nu 2025\/2026 n\u00e1jdete tu. P\u00ed\u0161te n\u00e1m na help@vlkolak.sk 19. augusta 2025 sa konalo zasadnutie Pracovnej skupiny pre ur\u010denie kv\u00f3ty lovu vlka&nbsp; VLK sa z\u00fa\u010dastnil zasadania Pracovnej skupiny pre ur\u010denie kv\u00f3ty lovu vlka na Ministerstve p\u00f4dohospod\u00e1rstva ako jej riadny [&hellip;]<\/p>\n","protected":false},"author":1,"featured_media":0,"parent":0,"menu_order":0,"comment_status":"closed","ping_status":"closed","template":"","meta":{"ngg_post_thumbnail":0,"footnotes":""},"class_list":["post-58","page","type-page","status-publish","hentry"],"_links":{"self":[{"href":"https:\/\/vlci.wolf.sk\/sk\/wp-json\/wp\/v2\/pages\/58","targetHints":{"allow":["GET"]}}],"collection":[{"href":"https:\/\/vlci.wolf.sk\/sk\/wp-json\/wp\/v2\/pages"}],"about":[{"href":"https:\/\/vlci.wolf.sk\/sk\/wp-json\/wp\/v2\/types\/page"}],"author":[{"embeddable":true,"href":"https:\/\/vlci.wolf.sk\/sk\/wp-json\/wp\/v2\/users\/1"}],"replies":[{"embeddable":true,"href":"https:\/\/vlci.wolf.sk\/sk\/wp-json\/wp\/v2\/comments?post=58"}],"version-history":[{"count":46,"href":"https:\/\/vlci.wolf.sk\/sk\/wp-json\/wp\/v2\/pages\/58\/revisions"}],"predecessor-version":[{"id":476,"href":"https:\/\/vlci.wolf.sk\/sk\/wp-json\/wp\/v2\/pages\/58\/revisions\/476"}],"wp:attachment":[{"href":"https:\/\/vlci.wolf.sk\/sk\/wp-json\/wp\/v2\/media?parent=58"}],"curies":[{"name":"wp","href":"https:\/\/api.w.org\/{rel}","templated":true}]}}