{"id":64,"date":"2019-10-16T14:25:31","date_gmt":"2019-10-16T12:25:31","guid":{"rendered":"https:\/\/vlci.wolf.sk\/sk\/?page_id=64"},"modified":"2023-11-13T11:31:26","modified_gmt":"2023-11-13T10:31:26","slug":"skody-na-hospodarskych-zvieratach","status":"publish","type":"page","link":"https:\/\/vlci.wolf.sk\/sk\/skody-na-hospodarskych-zvieratach\/","title":{"rendered":"\u0160kody na hospod\u00e1rskych zvierat\u00e1ch"},"content":{"rendered":"<p><\/p>\n<h4>\u0160t\u00e1tna ochrana pr\u00edrody SR<\/h4>\n<p><strong>CELOPLO\u0160N\u00c9 KV\u00d3TY NEPRINES\u00da \u017dELAN\u00dd EFEKT ZN\u00cd\u017dENIA \u0160K\u00d4D<\/strong><\/p>\n<ul>\n<li>Na z\u00e1klade prezentovan\u00fdch v\u00fdsledkov vedeck\u00fdch publik\u00e1ci\u00ed ako aj grafov ukazuj\u00facich vz\u0165ah medzi realizovan\u00fdm odstrelom a vzniknut\u00fdmi \u0161kodami na hospod\u00e1rskych zvierat\u00e1ch sp\u00f4soben\u00fdch vlkom drav\u00fdm, \u0160OP SR na zasadnut\u00ed pracovnej skupiny na Ministerstve p\u00f4dohospod\u00e1rstva pouk\u00e1zala na fakt, \u017ee celoplo\u0161n\u00e9 kv\u00f3ty neprines\u00fa \u017eelan\u00fd v\u00fdsledok zn\u00ed\u017eenia \u0161k\u00f4d.<\/li>\n<li>Vypl\u00fdva to z porovnania po\u010dtu uloven\u00fdch vlkov po\u010das obdobia ur\u010dovania ro\u010dn\u00fdch kv\u00f3t lovu v rokoch 2010 \u2013 2021 a strat\u00e1ch na ovciach a koz\u00e1ch za toto obdobie. V rokoch 2010 \u2013 2013 sa na Slovensku lovilo ka\u017edoro\u010dne vy\u0161e 130 vlkov, ale \u0161kody na ovciach narastali. V \u010fal\u0161om obdob\u00ed, ke\u010f sa postupne lov vlka zni\u017eoval, \u0161kody od vlka boli vyrovnan\u00e9, dokonca v rokoch 2018 a 2019 v\u00fdrazne klesli. Uk\u00e1zalo sa teda, \u017ee lov vlka za uveden\u00e9 roky nepriniesol po\u017eadovan\u00fd efekt zn\u00ed\u017eenia \u0161k\u00f4d na hospod\u00e1rskych zvierat\u00e1ch. Tento poznatok je v s\u00falade s publikovan\u00fdmi inform\u00e1ciami z Eur\u00f3py aj Severnej Ameriky.<a href=\"https:\/\/vlci.wolf.sk\/wp-content\/uploads\/2023\/11\/2023-sopsr-graf2-skody-publik.jpg\" rel=\"noopener\" target=\"_blank\"><img decoding=\"async\" src=\"https:\/\/vlci.wolf.sk\/wp-content\/uploads\/2023\/11\/2023-sopsr-graf2-skody-publik.jpg\" alt=\"Lov vlka a \u0161kody\" \/><\/a><\/li>\n<li>Percentu\u00e1lny podiel str\u00e1t sp\u00f4soben\u00fdch vlkom drav\u00fdm z celkov\u00e9ho po\u010dtu hospod\u00e1rskych zvierat chovan\u00fdch na Slovensku v danom roku sa dlhodobo pohybuje pod hranicou 1%. <a href=\"https:\/\/vlci.wolf.sk\/wp-content\/uploads\/2023\/11\/2023-sopsr-graf1-skody-publik.jpg\" rel=\"noopener\" target=\"_blank\"><img decoding=\"async\" src=\"https:\/\/vlci.wolf.sk\/wp-content\/uploads\/2023\/11\/2023-sopsr-graf1-skody-publik.jpg\" alt=\"Percento str\u00e1t sp\u00f4soben\u00fdch vlkmi\" \/><\/a><br \/>\n<br \/>Tento graf vypoved\u00e1 o tom, \u017ee z celo\u0161t\u00e1tneho h\u013eadiska vlk ur\u010dite neohrozuje chov oviec, k\u00f4z a hov\u00e4dzieho dobytka. Pravdou v\u0161ak ost\u00e1va, \u017ee lok\u00e1lne, u niektor\u00fdch farm\u00e1rov, m\u00f4\u017ee vlk narobi\u0165 vysok\u00e9 \u0161kody a ohrozi\u0165 chov hospod\u00e1rskych zvierat. Z tohto d\u00f4vodu je v tak\u00fdchto oblastiach potrebn\u00e9 zabezpe\u010di\u0165 efekt\u00edvnu ochranu st\u00e1d spr\u00e1vne in\u0161talovan\u00fdmi elektrick\u00fdmi ohradn\u00edkmi alebo vo\u013ene pusten\u00fdmi pastierskymi str\u00e1\u017enymi psami.<\/li>\n<li>Z\u00e1rove\u0148 poukazujeme na fakt, \u017ee v posledn\u00fdch troch rokoch v\u00fd\u0161ku celoslovensk\u00fdch str\u00e1t na ovciach nav\u00fd\u0161ili a\u017e o 31% dve farmy na Slovensku, ktor\u00e9 pas\u00fa ovce v jednej lokalite a odmietaj\u00fa \u00fa\u010dinn\u00e9 prevent\u00edvne opatrenia. K \u00fatokom na hospod\u00e1rske zvierat\u00e1 a k sp\u00f4soben\u00fdm \u0161kod\u00e1m m\u00f4\u017eeme uvies\u0165, \u017ee v roku 2022 \u0161kody sp\u00f4soben\u00e9 vlkom drav\u00fdm, ktor\u00e9 boli z\u00e1rove\u0148 vyplaten\u00e9 okresn\u00fdmi \u00faradmi, predstavovali viac ako 446 tis. eur.<\/li>\n<li>Pri ur\u010dovan\u00ed ro\u010dnej kv\u00f3ty lovu vlka a jej situovanie do oblast\u00ed, kde sa pred rokom vyskytli \u0161kody, sme predpokladali, \u017ee ak\u00fdko\u013evek lov pom\u00f4\u017ee zni\u017eovaniu str\u00e1t na hospod\u00e1rskych zvierat\u00e1ch, najm\u00e4 na ovciach. Sk\u00fasenosti zo Slovenska, ako aj z in\u00fdch oblast\u00ed Eur\u00f3py alebo Severnej Ameriky, v\u0161ak poukazuj\u00fa na to, \u017ee nem\u00e1me vedecky overen\u00e9 d\u00f4kazy o vplyve lovu vlka na zni\u017eovanie str\u00e1t. Neexistuje preto jednoduch\u00e1 z\u00e1vislos\u0165 povolen\u00e9ho odstrelu so zni\u017eovan\u00edm v\u00fd\u0161ky \u0161k\u00f4d. <\/li>\n<li>Z tohto d\u00f4vodu pova\u017eujme za d\u00f4le\u017eitej\u0161ie zabezpe\u010di\u0165 podporu pre chovate\u013eov hospod\u00e1rskych zvierat zo zdrojov Eur\u00f3pskej \u00fanie, ktor\u00e9 pre tento \u00fa\u010del vyu\u017e\u00edva v\u00e4\u010d\u0161ina \u0161t\u00e1tov Eur\u00f3py s v\u00fdskytom vlka. \u0160OP SR preto aktu\u00e1lne h\u013ead\u00e1 mo\u017enosti zabezpe\u010denia dot\u00e1ci\u00ed a z\u00edskanie financi\u00ed pre chovate\u013eov s cie\u013eom podpori\u0165 ochranu st\u00e1d v lokalit\u00e1ch s v\u00fdskytom ve\u013ek\u00fdch \u0161eliem prostredn\u00edctvom efekt\u00edvnych prevent\u00edvnych opatren\u00ed.<\/li>\n<li>Efekt\u00edvne prevent\u00edvne opatrenia sa t\u00fdkaj\u00fa najm\u00e4 po\u010dtu pastierskych str\u00e1\u017enych psov, ktor\u00e9 musia by\u0165 pr\u00edtomn\u00e9 pri st\u00e1de, ako aj parametrov oplotenia alebo elektrick\u00e9ho ohradn\u00edka, za ktor\u00fdm bud\u00fa zvierat\u00e1 umiestnen\u00e9.<\/li>\n<li>Eur\u00f3pska \u00fania, tak ako v pr\u00edpade medve\u010fa hned\u00e9ho, trv\u00e1 na identifikovate\u013enom syst\u00e9me odstra\u0148ovania probl\u00e9mov\u00fdch jedincov aj v pr\u00edpade vlka drav\u00e9ho.  Celoplo\u0161n\u00e9 kv\u00f3ty ur\u010den\u00e9 na z\u00e1klade okresov alebo in\u00fdch oblast\u00ed ignoruj\u00fa identifik\u00e1ciu probl\u00e9mov\u00fdch jedincov a svoriek, a preto je rie\u0161en\u00edm postupova\u0165 lok\u00e1lne a adresne v oblastiach so zaznamenan\u00fdmi \u0161kodami.<\/li>\n<\/ul>\n<p><\/p>","protected":false},"excerpt":{"rendered":"<p>\u0160t\u00e1tna ochrana pr\u00edrody SR CELOPLO\u0160N\u00c9 KV\u00d3TY NEPRINES\u00da \u017dELAN\u00dd EFEKT ZN\u00cd\u017dENIA \u0160K\u00d4D Na z\u00e1klade prezentovan\u00fdch v\u00fdsledkov vedeck\u00fdch publik\u00e1ci\u00ed ako aj grafov ukazuj\u00facich vz\u0165ah medzi realizovan\u00fdm odstrelom a vzniknut\u00fdmi \u0161kodami na hospod\u00e1rskych zvierat\u00e1ch sp\u00f4soben\u00fdch vlkom drav\u00fdm, \u0160OP SR na zasadnut\u00ed pracovnej skupiny na Ministerstve p\u00f4dohospod\u00e1rstva pouk\u00e1zala na fakt, \u017ee celoplo\u0161n\u00e9 kv\u00f3ty neprines\u00fa \u017eelan\u00fd v\u00fdsledok zn\u00ed\u017eenia \u0161k\u00f4d. Vypl\u00fdva [&hellip;]<\/p>\n","protected":false},"author":1,"featured_media":0,"parent":0,"menu_order":0,"comment_status":"closed","ping_status":"closed","template":"","meta":{"ngg_post_thumbnail":0,"footnotes":""},"class_list":["post-64","page","type-page","status-publish","hentry"],"_links":{"self":[{"href":"https:\/\/vlci.wolf.sk\/sk\/wp-json\/wp\/v2\/pages\/64","targetHints":{"allow":["GET"]}}],"collection":[{"href":"https:\/\/vlci.wolf.sk\/sk\/wp-json\/wp\/v2\/pages"}],"about":[{"href":"https:\/\/vlci.wolf.sk\/sk\/wp-json\/wp\/v2\/types\/page"}],"author":[{"embeddable":true,"href":"https:\/\/vlci.wolf.sk\/sk\/wp-json\/wp\/v2\/users\/1"}],"replies":[{"embeddable":true,"href":"https:\/\/vlci.wolf.sk\/sk\/wp-json\/wp\/v2\/comments?post=64"}],"version-history":[{"count":7,"href":"https:\/\/vlci.wolf.sk\/sk\/wp-json\/wp\/v2\/pages\/64\/revisions"}],"predecessor-version":[{"id":428,"href":"https:\/\/vlci.wolf.sk\/sk\/wp-json\/wp\/v2\/pages\/64\/revisions\/428"}],"wp:attachment":[{"href":"https:\/\/vlci.wolf.sk\/sk\/wp-json\/wp\/v2\/media?parent=64"}],"curies":[{"name":"wp","href":"https:\/\/api.w.org\/{rel}","templated":true}]}}